{"id":542,"date":"2020-07-04T07:53:08","date_gmt":"2020-07-04T07:53:08","guid":{"rendered":"http:\/\/3styler.org\/themes\/anymag\/main\/?page_id=542"},"modified":"2020-07-04T07:53:08","modified_gmt":"2020-07-04T07:53:08","slug":"contact-me","status":"publish","type":"page","link":"https:\/\/globalinvestmag.com\/en\/contact-me\/","title":{"rendered":"Contact Me"},"content":{"rendered":"<h2 class=\"wp-block-heading\">Drop me <span style=\"color:#ff027f\" class=\"has-inline-color\">a line<\/span> below<\/h2>\n\n\n\n<p>El minimum eloquentiam deterruisset ad, epicuri expetenda concludaturque nam et.<\/p>\n\n\n\n<p>[contact-form-7 id=&#8221;4&#8243; title=&#8221;Contact form 1&#8243;]<\/p>\n\n\n<div class=\"random-posts post-by-category shortcode\"><div class=\"random-items three-fr\"><div class=\"item-random\"><div class=\"random-image\">\r\n              <div class=\"overlay\"><\/div>\r\n              <a href=\"https:\/\/globalinvestmag.com\/en\/turismo-residencial-y-nomadas-digitales-2026-la-reconfiguracion-de-la-inversion-inmobiliaria\/\"><img fetchpriority=\"high\" decoding=\"async\" width=\"490\" height=\"550\" src=\"https:\/\/globalinvestmag.com\/wp-content\/uploads\/2025\/11\/coliving-490x550.jpg\" class=\"attachment-anymag-misc size-anymag-misc wp-post-image\" alt=\"\" \/><\/a>\r\n            <\/div><div class=\"random-ttl\">\r\n              <h5><a href=\"https:\/\/globalinvestmag.com\/en\/turismo-residencial-y-nomadas-digitales-2026-la-reconfiguracion-de-la-inversion-inmobiliaria\/\">Turismo Residencial y N\u00f3madas Digitales 2026: La Reconfiguraci\u00f3n de la Inversi\u00f3n Inmobiliaria<\/a><\/h5><\/div><\/div><div class=\"item-random\"><div class=\"random-image\">\r\n              <div class=\"overlay\"><\/div>\r\n              <a href=\"https:\/\/globalinvestmag.com\/en\/reforma-energetica-2025-en-mexico-riesgos-y-oportunidades-para-la-inversion-energetica-global\/\"><img decoding=\"async\" width=\"1\" height=\"1\" src=\"https:\/\/globalinvestmag.com\/wp-content\/uploads\/2026\/01\/img_1769465336_6977e5f895618.jpg\" class=\"attachment-anymag-misc size-anymag-misc wp-post-image\" alt=\"\" \/><\/a>\r\n            <\/div><div class=\"random-ttl\">\r\n              <h5><a href=\"https:\/\/globalinvestmag.com\/en\/reforma-energetica-2025-en-mexico-riesgos-y-oportunidades-para-la-inversion-energetica-global\/\">Reforma Energ\u00e9tica 2025 en M\u00e9xico: Riesgos y Oportunidades para la Inversi\u00f3n Energ\u00e9tica Global<\/a><\/h5><\/div><\/div><div class=\"item-random\"><div class=\"random-image\">\r\n              <div class=\"overlay\"><\/div>\r\n              <a href=\"https:\/\/globalinvestmag.com\/en\/acciones-banco-de-credito-e-inversiones-oportunidad-de-inversion-o-estancamiento-en-la-bolsa-chilena\/\"><img decoding=\"async\" width=\"1\" height=\"1\" src=\"https:\/\/globalinvestmag.com\/wp-content\/uploads\/2026\/01\/img_1769463576_6977df1860444.jpg\" class=\"attachment-anymag-misc size-anymag-misc wp-post-image\" alt=\"\" \/><\/a>\r\n            <\/div><div class=\"random-ttl\">\r\n              <h5><a href=\"https:\/\/globalinvestmag.com\/en\/acciones-banco-de-credito-e-inversiones-oportunidad-de-inversion-o-estancamiento-en-la-bolsa-chilena\/\">Acciones Banco de Cr\u00e9dito e Inversiones: \u00bfOportunidad de Inversi\u00f3n o Estancamiento en la Bolsa Chilena?<\/a><\/h5><\/div><\/div><div class=\"item-random\"><div class=\"random-image\">\r\n              <div class=\"overlay\"><\/div>\r\n              <a href=\"https:\/\/globalinvestmag.com\/en\/los-nuevos-inversionistas-2026-tendencias-gestion-de-riesgo-y-el-impacto-de-la-ia\/\"><img loading=\"lazy\" decoding=\"async\" width=\"490\" height=\"550\" src=\"https:\/\/globalinvestmag.com\/wp-content\/uploads\/2025\/11\/inversionistaIA-490x550.jpg\" class=\"attachment-anymag-misc size-anymag-misc wp-post-image\" alt=\"\" \/><\/a>\r\n            <\/div><div class=\"random-ttl\">\r\n              <h5><a href=\"https:\/\/globalinvestmag.com\/en\/los-nuevos-inversionistas-2026-tendencias-gestion-de-riesgo-y-el-impacto-de-la-ia\/\">Los Nuevos Inversionistas 2026: Tendencias, Gesti\u00f3n de Riesgo y el Impacto de la IA<\/a><\/h5><\/div><\/div><\/div><\/div>","protected":false},"excerpt":{"rendered":"<p>Drop me a line below El minimum eloquentiam deterruisset ad, epicuri expetenda concludaturque nam et. [contact-form-7 id=&#8221;4&#8243; title=&#8221;Contact form 1&#8243;]<\/p>","protected":false},"author":1,"featured_media":1023,"parent":0,"menu_order":0,"comment_status":"closed","ping_status":"closed","template":"","meta":{"_acf_changed":false,"footnotes":""},"tags":[],"class_list":["post-542","page","type-page","status-publish","has-post-thumbnail","hentry"],"acf":[],"_hostinger_reach_plugin_has_subscription_block":false,"_hostinger_reach_plugin_is_elementor":false,"_links":{"self":[{"href":"https:\/\/globalinvestmag.com\/en\/wp-json\/wp\/v2\/pages\/542","targetHints":{"allow":["GET"]}}],"collection":[{"href":"https:\/\/globalinvestmag.com\/en\/wp-json\/wp\/v2\/pages"}],"about":[{"href":"https:\/\/globalinvestmag.com\/en\/wp-json\/wp\/v2\/types\/page"}],"author":[{"embeddable":true,"href":"https:\/\/globalinvestmag.com\/en\/wp-json\/wp\/v2\/users\/1"}],"replies":[{"embeddable":true,"href":"https:\/\/globalinvestmag.com\/en\/wp-json\/wp\/v2\/comments?post=542"}],"version-history":[{"count":0,"href":"https:\/\/globalinvestmag.com\/en\/wp-json\/wp\/v2\/pages\/542\/revisions"}],"wp:featuredmedia":[{"embeddable":true,"href":"https:\/\/globalinvestmag.com\/en\/wp-json\/"}],"wp:attachment":[{"href":"https:\/\/globalinvestmag.com\/en\/wp-json\/wp\/v2\/media?parent=542"}],"wp:term":[{"taxonomy":"post_tag","embeddable":true,"href":"https:\/\/globalinvestmag.com\/en\/wp-json\/wp\/v2\/tags?post=542"}],"curies":[{"name":"wp","href":"https:\/\/api.w.org\/{rel}","templated":true}]}}